{"id":93,"date":"2018-07-16T06:00:39","date_gmt":"2018-07-16T11:00:39","guid":{"rendered":"http:\/\/gustavo.rodelocom.net\/?page_id=93"},"modified":"2021-10-24T13:53:34","modified_gmt":"2021-10-24T18:53:34","slug":"contactame","status":"publish","type":"page","link":"https:\/\/gustavoadolfo.rodelocom.net\/?page_id=93","title":{"rendered":"Contactame"},"content":{"rendered":"<p>+57\u00a0 319 582 54 86<br \/>\n(s\u00f3lo mensajer\u00eda whatsapp)<br \/>\nrodelocom@gmail.com<br \/>\nBogot\u00e1, Colombia<\/p>\n<p><iframe loading=\"lazy\" width=\"520\" height=\"1750\" src=\"https:\/\/docs.google.com\/forms\/d\/1ksKhxlmWCzyJ7HGYZr6Noogox7u7nUC5yOnxuL0x0FE\/viewform?embedded=true\" frameborder=\"0\" marginwidth=\"0\" marginheight=\"0\"><span data-mce-type=\"bookmark\" style=\"display: inline-block; width: 0px; overflow: hidden; line-height: 0;\" class=\"mce_SELRES_start\">\ufeff<\/span>Cargando&#8230;<\/iframe><\/p>\n<p>&nbsp;<\/p>\n","protected":false},"excerpt":{"rendered":"<p>+57\u00a0 319 582 54 86 (s\u00f3lo mensajer\u00eda whatsapp) rodelocom@gmail.com Bogot\u00e1, Colombia \ufeffCargando&#8230; &nbsp;<\/p>\n","protected":false},"author":1,"featured_media":137,"parent":0,"menu_order":0,"comment_status":"closed","ping_status":"closed","template":"","meta":{"footnotes":""},"class_list":["post-93","page","type-page","status-publish","has-post-thumbnail","hentry"],"yoast_head":"<!-- This site is optimized with the Yoast SEO plugin v27.4 - https:\/\/yoast.com\/product\/yoast-seo-wordpress\/ -->\n<title>Contactame - Gustavo Adolfo<\/title>\n<meta name=\"description\" content=\"Informaci\u00f3n y formulario de contacto para comunicarte con Gustavo Adolfo.\" \/>\n<meta name=\"robots\" content=\"index, follow, max-snippet:-1, max-image-preview:large, max-video-preview:-1\" \/>\n<link rel=\"canonical\" href=\"https:\/\/gustavoadolfo.rodelocom.net\/?page_id=93\" \/>\n<meta property=\"og:locale\" content=\"es_ES\" \/>\n<meta property=\"og:type\" content=\"article\" \/>\n<meta property=\"og:title\" content=\"Contactame - Gustavo Adolfo\" \/>\n<meta property=\"og:description\" content=\"Informaci\u00f3n y formulario de contacto para comunicarte con Gustavo Adolfo.\" \/>\n<meta property=\"og:url\" content=\"https:\/\/gustavoadolfo.rodelocom.net\/?page_id=93\" \/>\n<meta property=\"og:site_name\" content=\"Gustavo Adolfo\" \/>\n<meta property=\"article:modified_time\" content=\"2021-10-24T18:53:34+00:00\" \/>\n<meta property=\"og:image\" content=\"https:\/\/gustavoadolfo.rodelocom.net\/wp-content\/uploads\/2018\/07\/pexels-photo-296282-e1536518785856.jpeg\" \/>\n\t<meta property=\"og:image:width\" content=\"1024\" \/>\n\t<meta property=\"og:image:height\" content=\"678\" \/>\n\t<meta property=\"og:image:type\" content=\"image\/jpeg\" \/>\n<meta name=\"twitter:card\" content=\"summary_large_image\" \/>\n<script type=\"application\/ld+json\" class=\"yoast-schema-graph\">{\"@context\":\"https:\\\/\\\/schema.org\",\"@graph\":[{\"@type\":\"WebPage\",\"@id\":\"https:\\\/\\\/gustavoadolfo.rodelocom.net\\\/?page_id=93\",\"url\":\"https:\\\/\\\/gustavoadolfo.rodelocom.net\\\/?page_id=93\",\"name\":\"Contactame - Gustavo Adolfo\",\"isPartOf\":{\"@id\":\"https:\\\/\\\/gustavoadolfo.rodelocom.net\\\/#website\"},\"primaryImageOfPage\":{\"@id\":\"https:\\\/\\\/gustavoadolfo.rodelocom.net\\\/?page_id=93#primaryimage\"},\"image\":{\"@id\":\"https:\\\/\\\/gustavoadolfo.rodelocom.net\\\/?page_id=93#primaryimage\"},\"thumbnailUrl\":\"https:\\\/\\\/gustavoadolfo.rodelocom.net\\\/wp-content\\\/uploads\\\/2018\\\/07\\\/pexels-photo-296282-e1536518785856.jpeg\",\"datePublished\":\"2018-07-16T11:00:39+00:00\",\"dateModified\":\"2021-10-24T18:53:34+00:00\",\"description\":\"Informaci\u00f3n y formulario de contacto para comunicarte con Gustavo Adolfo.\",\"breadcrumb\":{\"@id\":\"https:\\\/\\\/gustavoadolfo.rodelocom.net\\\/?page_id=93#breadcrumb\"},\"inLanguage\":\"es\",\"potentialAction\":[{\"@type\":\"ReadAction\",\"target\":[\"https:\\\/\\\/gustavoadolfo.rodelocom.net\\\/?page_id=93\"]}]},{\"@type\":\"ImageObject\",\"inLanguage\":\"es\",\"@id\":\"https:\\\/\\\/gustavoadolfo.rodelocom.net\\\/?page_id=93#primaryimage\",\"url\":\"https:\\\/\\\/gustavoadolfo.rodelocom.net\\\/wp-content\\\/uploads\\\/2018\\\/07\\\/pexels-photo-296282-e1536518785856.jpeg\",\"contentUrl\":\"https:\\\/\\\/gustavoadolfo.rodelocom.net\\\/wp-content\\\/uploads\\\/2018\\\/07\\\/pexels-photo-296282-e1536518785856.jpeg\",\"width\":1024,\"height\":678},{\"@type\":\"BreadcrumbList\",\"@id\":\"https:\\\/\\\/gustavoadolfo.rodelocom.net\\\/?page_id=93#breadcrumb\",\"itemListElement\":[{\"@type\":\"ListItem\",\"position\":1,\"name\":\"Portada\",\"item\":\"https:\\\/\\\/gustavoadolfo.rodelocom.net\\\/\"},{\"@type\":\"ListItem\",\"position\":2,\"name\":\"Contactame\"}]},{\"@type\":\"WebSite\",\"@id\":\"https:\\\/\\\/gustavoadolfo.rodelocom.net\\\/#website\",\"url\":\"https:\\\/\\\/gustavoadolfo.rodelocom.net\\\/\",\"name\":\"Gustavo Adolfo\",\"description\":\"Construyendo un imperio...\",\"potentialAction\":[{\"@type\":\"SearchAction\",\"target\":{\"@type\":\"EntryPoint\",\"urlTemplate\":\"https:\\\/\\\/gustavoadolfo.rodelocom.net\\\/?s={search_term_string}\"},\"query-input\":{\"@type\":\"PropertyValueSpecification\",\"valueRequired\":true,\"valueName\":\"search_term_string\"}}],\"inLanguage\":\"es\"}]}<\/script>\n<!-- \/ Yoast SEO plugin. -->","yoast_head_json":{"title":"Contactame - Gustavo Adolfo","description":"Informaci\u00f3n y formulario de contacto para comunicarte con Gustavo Adolfo.","robots":{"index":"index","follow":"follow","max-snippet":"max-snippet:-1","max-image-preview":"max-image-preview:large","max-video-preview":"max-video-preview:-1"},"canonical":"https:\/\/gustavoadolfo.rodelocom.net\/?page_id=93","og_locale":"es_ES","og_type":"article","og_title":"Contactame - Gustavo Adolfo","og_description":"Informaci\u00f3n y formulario de contacto para comunicarte con Gustavo Adolfo.","og_url":"https:\/\/gustavoadolfo.rodelocom.net\/?page_id=93","og_site_name":"Gustavo Adolfo","article_modified_time":"2021-10-24T18:53:34+00:00","og_image":[{"width":1024,"height":678,"url":"https:\/\/gustavoadolfo.rodelocom.net\/wp-content\/uploads\/2018\/07\/pexels-photo-296282-e1536518785856.jpeg","type":"image\/jpeg"}],"twitter_card":"summary_large_image","schema":{"@context":"https:\/\/schema.org","@graph":[{"@type":"WebPage","@id":"https:\/\/gustavoadolfo.rodelocom.net\/?page_id=93","url":"https:\/\/gustavoadolfo.rodelocom.net\/?page_id=93","name":"Contactame - Gustavo Adolfo","isPartOf":{"@id":"https:\/\/gustavoadolfo.rodelocom.net\/#website"},"primaryImageOfPage":{"@id":"https:\/\/gustavoadolfo.rodelocom.net\/?page_id=93#primaryimage"},"image":{"@id":"https:\/\/gustavoadolfo.rodelocom.net\/?page_id=93#primaryimage"},"thumbnailUrl":"https:\/\/gustavoadolfo.rodelocom.net\/wp-content\/uploads\/2018\/07\/pexels-photo-296282-e1536518785856.jpeg","datePublished":"2018-07-16T11:00:39+00:00","dateModified":"2021-10-24T18:53:34+00:00","description":"Informaci\u00f3n y formulario de contacto para comunicarte con Gustavo Adolfo.","breadcrumb":{"@id":"https:\/\/gustavoadolfo.rodelocom.net\/?page_id=93#breadcrumb"},"inLanguage":"es","potentialAction":[{"@type":"ReadAction","target":["https:\/\/gustavoadolfo.rodelocom.net\/?page_id=93"]}]},{"@type":"ImageObject","inLanguage":"es","@id":"https:\/\/gustavoadolfo.rodelocom.net\/?page_id=93#primaryimage","url":"https:\/\/gustavoadolfo.rodelocom.net\/wp-content\/uploads\/2018\/07\/pexels-photo-296282-e1536518785856.jpeg","contentUrl":"https:\/\/gustavoadolfo.rodelocom.net\/wp-content\/uploads\/2018\/07\/pexels-photo-296282-e1536518785856.jpeg","width":1024,"height":678},{"@type":"BreadcrumbList","@id":"https:\/\/gustavoadolfo.rodelocom.net\/?page_id=93#breadcrumb","itemListElement":[{"@type":"ListItem","position":1,"name":"Portada","item":"https:\/\/gustavoadolfo.rodelocom.net\/"},{"@type":"ListItem","position":2,"name":"Contactame"}]},{"@type":"WebSite","@id":"https:\/\/gustavoadolfo.rodelocom.net\/#website","url":"https:\/\/gustavoadolfo.rodelocom.net\/","name":"Gustavo Adolfo","description":"Construyendo un imperio...","potentialAction":[{"@type":"SearchAction","target":{"@type":"EntryPoint","urlTemplate":"https:\/\/gustavoadolfo.rodelocom.net\/?s={search_term_string}"},"query-input":{"@type":"PropertyValueSpecification","valueRequired":true,"valueName":"search_term_string"}}],"inLanguage":"es"}]}},"_links":{"self":[{"href":"https:\/\/gustavoadolfo.rodelocom.net\/index.php?rest_route=\/wp\/v2\/pages\/93","targetHints":{"allow":["GET"]}}],"collection":[{"href":"https:\/\/gustavoadolfo.rodelocom.net\/index.php?rest_route=\/wp\/v2\/pages"}],"about":[{"href":"https:\/\/gustavoadolfo.rodelocom.net\/index.php?rest_route=\/wp\/v2\/types\/page"}],"author":[{"embeddable":true,"href":"https:\/\/gustavoadolfo.rodelocom.net\/index.php?rest_route=\/wp\/v2\/users\/1"}],"replies":[{"embeddable":true,"href":"https:\/\/gustavoadolfo.rodelocom.net\/index.php?rest_route=%2Fwp%2Fv2%2Fcomments&post=93"}],"version-history":[{"count":4,"href":"https:\/\/gustavoadolfo.rodelocom.net\/index.php?rest_route=\/wp\/v2\/pages\/93\/revisions"}],"predecessor-version":[{"id":305,"href":"https:\/\/gustavoadolfo.rodelocom.net\/index.php?rest_route=\/wp\/v2\/pages\/93\/revisions\/305"}],"wp:featuredmedia":[{"embeddable":true,"href":"https:\/\/gustavoadolfo.rodelocom.net\/index.php?rest_route=\/wp\/v2\/media\/137"}],"wp:attachment":[{"href":"https:\/\/gustavoadolfo.rodelocom.net\/index.php?rest_route=%2Fwp%2Fv2%2Fmedia&parent=93"}],"curies":[{"name":"wp","href":"https:\/\/api.w.org\/{rel}","templated":true}]}}