{"id":89,"date":"2018-07-16T05:58:02","date_gmt":"2018-07-16T10:58:02","guid":{"rendered":"http:\/\/gustavo.rodelocom.net\/?page_id=89"},"modified":"2021-10-24T13:57:41","modified_gmt":"2021-10-24T18:57:41","slug":"somos","status":"publish","type":"page","link":"https:\/\/gustavoadolfo.rodelocom.net\/?page_id=89","title":{"rendered":"Soy"},"content":{"rendered":"<p>Claro que s\u00ed!<br \/>\nQue no te quede duda de eso: soy un so\u00f1ador!<\/p>\n<p><img loading=\"lazy\" decoding=\"async\" src=\"https:\/\/gustavoadolfo.rodelocom.net\/wp-content\/uploads\/2018\/06\/Rodelo...-272x300.jpg\" alt=\"https:\/\/gustavoadolfo.rodelocom.net\" class=\" wp-image-29 alignleft\" width=\"95\" height=\"105\" \/><br \/>\nTodo caso de \u00e9xito que hoy conoces empez\u00f3 igual:<br \/>\ncon una idea de un so\u00f1ador\u2026<\/p>\n<p>&nbsp;<\/p>\n<p>Son las ideas y los sue\u00f1os los que han evolucionado al mundo:<\/p>\n<ul>\n<li>La rueda<\/li>\n<li>La aviaci\u00f3n<\/li>\n<li>El internet<\/li>\n<li>Apple<\/li>\n<li>Microsoft<\/li>\n<li>Google<\/li>\n<li>Facebook<\/li>\n<li>Amazon<\/li>\n<li>Alibaba<\/li>\n<\/ul>\n<p>Construyo mi propio imperio&#8230;<\/p>\n<p>&nbsp;<\/p>\n","protected":false},"excerpt":{"rendered":"<p>Claro que s\u00ed! Que no te quede duda de eso: soy un so\u00f1ador! Todo caso de \u00e9xito que hoy conoces empez\u00f3 igual: con una idea de un so\u00f1ador\u2026 &nbsp; Son las ideas y los sue\u00f1os los que han evolucionado al mundo: La rueda La aviaci\u00f3n El internet Apple Microsoft Google [&hellip;]<\/p>\n","protected":false},"author":1,"featured_media":133,"parent":0,"menu_order":0,"comment_status":"closed","ping_status":"closed","template":"","meta":{"footnotes":""},"class_list":["post-89","page","type-page","status-publish","has-post-thumbnail","hentry"],"yoast_head":"<!-- This site is optimized with the Yoast SEO plugin v27.4 - https:\/\/yoast.com\/product\/yoast-seo-wordpress\/ -->\n<title>Soy - Gustavo Adolfo<\/title>\n<meta name=\"description\" content=\"Claro que s\u00ed! Que no te quede duda de eso: soy un so\u00f1ador! Todo caso de \u00e9xito que conoces empez\u00f3 igual: con una idea de un so\u00f1ador. Son las ideas y los sue\u00f1os los que han evolucionado al mundo: construyo mi propio imperio...\" \/>\n<meta name=\"robots\" content=\"index, follow, max-snippet:-1, max-image-preview:large, max-video-preview:-1\" \/>\n<link rel=\"canonical\" href=\"https:\/\/gustavoadolfo.rodelocom.net\/?page_id=89\" \/>\n<meta property=\"og:locale\" content=\"es_ES\" \/>\n<meta property=\"og:type\" content=\"article\" \/>\n<meta property=\"og:title\" content=\"Soy - Gustavo Adolfo\" \/>\n<meta property=\"og:description\" content=\"Claro que s\u00ed! Que no te quede duda de eso: soy un so\u00f1ador! Todo caso de \u00e9xito que conoces empez\u00f3 igual: con una idea de un so\u00f1ador. Son las ideas y los sue\u00f1os los que han evolucionado al mundo: construyo mi propio imperio...\" \/>\n<meta property=\"og:url\" content=\"https:\/\/gustavoadolfo.rodelocom.net\/?page_id=89\" \/>\n<meta property=\"og:site_name\" content=\"Gustavo Adolfo\" \/>\n<meta property=\"article:modified_time\" content=\"2021-10-24T18:57:41+00:00\" \/>\n<meta property=\"og:image\" content=\"https:\/\/gustavoadolfo.rodelocom.net\/wp-content\/uploads\/2018\/07\/pexels-photo-60219-e1536518838873.jpeg\" \/>\n\t<meta property=\"og:image:width\" content=\"1024\" \/>\n\t<meta property=\"og:image:height\" content=\"768\" \/>\n\t<meta property=\"og:image:type\" content=\"image\/jpeg\" \/>\n<meta name=\"twitter:card\" content=\"summary_large_image\" \/>\n<script type=\"application\/ld+json\" class=\"yoast-schema-graph\">{\"@context\":\"https:\\\/\\\/schema.org\",\"@graph\":[{\"@type\":\"WebPage\",\"@id\":\"https:\\\/\\\/gustavoadolfo.rodelocom.net\\\/?page_id=89\",\"url\":\"https:\\\/\\\/gustavoadolfo.rodelocom.net\\\/?page_id=89\",\"name\":\"Soy - Gustavo Adolfo\",\"isPartOf\":{\"@id\":\"https:\\\/\\\/gustavoadolfo.rodelocom.net\\\/#website\"},\"primaryImageOfPage\":{\"@id\":\"https:\\\/\\\/gustavoadolfo.rodelocom.net\\\/?page_id=89#primaryimage\"},\"image\":{\"@id\":\"https:\\\/\\\/gustavoadolfo.rodelocom.net\\\/?page_id=89#primaryimage\"},\"thumbnailUrl\":\"https:\\\/\\\/gustavoadolfo.rodelocom.net\\\/wp-content\\\/uploads\\\/2018\\\/07\\\/pexels-photo-60219-e1536518838873.jpeg\",\"datePublished\":\"2018-07-16T10:58:02+00:00\",\"dateModified\":\"2021-10-24T18:57:41+00:00\",\"description\":\"Claro que s\u00ed! Que no te quede duda de eso: soy un so\u00f1ador! Todo caso de \u00e9xito que conoces empez\u00f3 igual: con una idea de un so\u00f1ador. Son las ideas y los sue\u00f1os los que han evolucionado al mundo: construyo mi propio imperio...\",\"breadcrumb\":{\"@id\":\"https:\\\/\\\/gustavoadolfo.rodelocom.net\\\/?page_id=89#breadcrumb\"},\"inLanguage\":\"es\",\"potentialAction\":[{\"@type\":\"ReadAction\",\"target\":[\"https:\\\/\\\/gustavoadolfo.rodelocom.net\\\/?page_id=89\"]}]},{\"@type\":\"ImageObject\",\"inLanguage\":\"es\",\"@id\":\"https:\\\/\\\/gustavoadolfo.rodelocom.net\\\/?page_id=89#primaryimage\",\"url\":\"https:\\\/\\\/gustavoadolfo.rodelocom.net\\\/wp-content\\\/uploads\\\/2018\\\/07\\\/pexels-photo-60219-e1536518838873.jpeg\",\"contentUrl\":\"https:\\\/\\\/gustavoadolfo.rodelocom.net\\\/wp-content\\\/uploads\\\/2018\\\/07\\\/pexels-photo-60219-e1536518838873.jpeg\",\"width\":1024,\"height\":768},{\"@type\":\"BreadcrumbList\",\"@id\":\"https:\\\/\\\/gustavoadolfo.rodelocom.net\\\/?page_id=89#breadcrumb\",\"itemListElement\":[{\"@type\":\"ListItem\",\"position\":1,\"name\":\"Portada\",\"item\":\"https:\\\/\\\/gustavoadolfo.rodelocom.net\\\/\"},{\"@type\":\"ListItem\",\"position\":2,\"name\":\"Soy\"}]},{\"@type\":\"WebSite\",\"@id\":\"https:\\\/\\\/gustavoadolfo.rodelocom.net\\\/#website\",\"url\":\"https:\\\/\\\/gustavoadolfo.rodelocom.net\\\/\",\"name\":\"Gustavo Adolfo\",\"description\":\"Construyendo un imperio...\",\"potentialAction\":[{\"@type\":\"SearchAction\",\"target\":{\"@type\":\"EntryPoint\",\"urlTemplate\":\"https:\\\/\\\/gustavoadolfo.rodelocom.net\\\/?s={search_term_string}\"},\"query-input\":{\"@type\":\"PropertyValueSpecification\",\"valueRequired\":true,\"valueName\":\"search_term_string\"}}],\"inLanguage\":\"es\"}]}<\/script>\n<!-- \/ Yoast SEO plugin. -->","yoast_head_json":{"title":"Soy - Gustavo Adolfo","description":"Claro que s\u00ed! Que no te quede duda de eso: soy un so\u00f1ador! Todo caso de \u00e9xito que conoces empez\u00f3 igual: con una idea de un so\u00f1ador. Son las ideas y los sue\u00f1os los que han evolucionado al mundo: construyo mi propio imperio...","robots":{"index":"index","follow":"follow","max-snippet":"max-snippet:-1","max-image-preview":"max-image-preview:large","max-video-preview":"max-video-preview:-1"},"canonical":"https:\/\/gustavoadolfo.rodelocom.net\/?page_id=89","og_locale":"es_ES","og_type":"article","og_title":"Soy - Gustavo Adolfo","og_description":"Claro que s\u00ed! Que no te quede duda de eso: soy un so\u00f1ador! Todo caso de \u00e9xito que conoces empez\u00f3 igual: con una idea de un so\u00f1ador. Son las ideas y los sue\u00f1os los que han evolucionado al mundo: construyo mi propio imperio...","og_url":"https:\/\/gustavoadolfo.rodelocom.net\/?page_id=89","og_site_name":"Gustavo Adolfo","article_modified_time":"2021-10-24T18:57:41+00:00","og_image":[{"width":1024,"height":768,"url":"https:\/\/gustavoadolfo.rodelocom.net\/wp-content\/uploads\/2018\/07\/pexels-photo-60219-e1536518838873.jpeg","type":"image\/jpeg"}],"twitter_card":"summary_large_image","schema":{"@context":"https:\/\/schema.org","@graph":[{"@type":"WebPage","@id":"https:\/\/gustavoadolfo.rodelocom.net\/?page_id=89","url":"https:\/\/gustavoadolfo.rodelocom.net\/?page_id=89","name":"Soy - Gustavo Adolfo","isPartOf":{"@id":"https:\/\/gustavoadolfo.rodelocom.net\/#website"},"primaryImageOfPage":{"@id":"https:\/\/gustavoadolfo.rodelocom.net\/?page_id=89#primaryimage"},"image":{"@id":"https:\/\/gustavoadolfo.rodelocom.net\/?page_id=89#primaryimage"},"thumbnailUrl":"https:\/\/gustavoadolfo.rodelocom.net\/wp-content\/uploads\/2018\/07\/pexels-photo-60219-e1536518838873.jpeg","datePublished":"2018-07-16T10:58:02+00:00","dateModified":"2021-10-24T18:57:41+00:00","description":"Claro que s\u00ed! Que no te quede duda de eso: soy un so\u00f1ador! Todo caso de \u00e9xito que conoces empez\u00f3 igual: con una idea de un so\u00f1ador. Son las ideas y los sue\u00f1os los que han evolucionado al mundo: construyo mi propio imperio...","breadcrumb":{"@id":"https:\/\/gustavoadolfo.rodelocom.net\/?page_id=89#breadcrumb"},"inLanguage":"es","potentialAction":[{"@type":"ReadAction","target":["https:\/\/gustavoadolfo.rodelocom.net\/?page_id=89"]}]},{"@type":"ImageObject","inLanguage":"es","@id":"https:\/\/gustavoadolfo.rodelocom.net\/?page_id=89#primaryimage","url":"https:\/\/gustavoadolfo.rodelocom.net\/wp-content\/uploads\/2018\/07\/pexels-photo-60219-e1536518838873.jpeg","contentUrl":"https:\/\/gustavoadolfo.rodelocom.net\/wp-content\/uploads\/2018\/07\/pexels-photo-60219-e1536518838873.jpeg","width":1024,"height":768},{"@type":"BreadcrumbList","@id":"https:\/\/gustavoadolfo.rodelocom.net\/?page_id=89#breadcrumb","itemListElement":[{"@type":"ListItem","position":1,"name":"Portada","item":"https:\/\/gustavoadolfo.rodelocom.net\/"},{"@type":"ListItem","position":2,"name":"Soy"}]},{"@type":"WebSite","@id":"https:\/\/gustavoadolfo.rodelocom.net\/#website","url":"https:\/\/gustavoadolfo.rodelocom.net\/","name":"Gustavo Adolfo","description":"Construyendo un imperio...","potentialAction":[{"@type":"SearchAction","target":{"@type":"EntryPoint","urlTemplate":"https:\/\/gustavoadolfo.rodelocom.net\/?s={search_term_string}"},"query-input":{"@type":"PropertyValueSpecification","valueRequired":true,"valueName":"search_term_string"}}],"inLanguage":"es"}]}},"_links":{"self":[{"href":"https:\/\/gustavoadolfo.rodelocom.net\/index.php?rest_route=\/wp\/v2\/pages\/89","targetHints":{"allow":["GET"]}}],"collection":[{"href":"https:\/\/gustavoadolfo.rodelocom.net\/index.php?rest_route=\/wp\/v2\/pages"}],"about":[{"href":"https:\/\/gustavoadolfo.rodelocom.net\/index.php?rest_route=\/wp\/v2\/types\/page"}],"author":[{"embeddable":true,"href":"https:\/\/gustavoadolfo.rodelocom.net\/index.php?rest_route=\/wp\/v2\/users\/1"}],"replies":[{"embeddable":true,"href":"https:\/\/gustavoadolfo.rodelocom.net\/index.php?rest_route=%2Fwp%2Fv2%2Fcomments&post=89"}],"version-history":[{"count":1,"href":"https:\/\/gustavoadolfo.rodelocom.net\/index.php?rest_route=\/wp\/v2\/pages\/89\/revisions"}],"predecessor-version":[{"id":308,"href":"https:\/\/gustavoadolfo.rodelocom.net\/index.php?rest_route=\/wp\/v2\/pages\/89\/revisions\/308"}],"wp:featuredmedia":[{"embeddable":true,"href":"https:\/\/gustavoadolfo.rodelocom.net\/index.php?rest_route=\/wp\/v2\/media\/133"}],"wp:attachment":[{"href":"https:\/\/gustavoadolfo.rodelocom.net\/index.php?rest_route=%2Fwp%2Fv2%2Fmedia&parent=89"}],"curies":[{"name":"wp","href":"https:\/\/api.w.org\/{rel}","templated":true}]}}