{"id":7,"date":"2018-06-24T09:15:59","date_gmt":"2018-06-24T14:15:59","guid":{"rendered":"http:\/\/gustavo.rodelocom.net\/?page_id=7"},"modified":"2021-10-24T13:56:44","modified_gmt":"2021-10-24T18:56:44","slug":"inicio","status":"publish","type":"page","link":"https:\/\/gustavoadolfo.rodelocom.net\/","title":{"rendered":"Inicio"},"content":{"rendered":"<p><span style=\"color: #333333;\">.<\/span><\/p>\n<p><strong>Todo caso de \u00e9xito que hoy conoces empez\u00f3 igual: con una idea de un so\u00f1ador&#8230;<\/strong><\/p>\n<p><span style=\"color: #333333;\">.<\/span><\/p>\n","protected":false},"excerpt":{"rendered":"<p>. Todo caso de \u00e9xito que hoy conoces empez\u00f3 igual: con una idea de un so\u00f1ador&#8230; .<\/p>\n","protected":false},"author":1,"featured_media":133,"parent":0,"menu_order":0,"comment_status":"closed","ping_status":"closed","template":"","meta":{"footnotes":""},"class_list":["post-7","page","type-page","status-publish","has-post-thumbnail","hentry"],"yoast_head":"<!-- This site is optimized with the Yoast SEO plugin v27.4 - https:\/\/yoast.com\/product\/yoast-seo-wordpress\/ -->\n<title>Inicio - Gustavo Adolfo<\/title>\n<meta name=\"description\" content=\"\u00a1Todo es posible! La \u00fanica limitante es la falta de imaginaci\u00f3n y de fe. S\u00f3lo tienes que creer y persistir. Todo \u00e9xito de hoy primero fue ayer un sue\u00f1o...\" \/>\n<meta name=\"robots\" content=\"index, follow, max-snippet:-1, max-image-preview:large, max-video-preview:-1\" \/>\n<link rel=\"canonical\" href=\"https:\/\/gustavoadolfo.rodelocom.net\/\" \/>\n<meta property=\"og:locale\" content=\"es_ES\" \/>\n<meta property=\"og:type\" content=\"article\" \/>\n<meta property=\"og:title\" content=\"Inicio - Gustavo Adolfo\" \/>\n<meta property=\"og:description\" content=\"\u00a1Todo es posible! La \u00fanica limitante es la falta de imaginaci\u00f3n y de fe. S\u00f3lo tienes que creer y persistir. Todo \u00e9xito de hoy primero fue ayer un sue\u00f1o...\" \/>\n<meta property=\"og:url\" content=\"https:\/\/gustavoadolfo.rodelocom.net\/\" \/>\n<meta property=\"og:site_name\" content=\"Gustavo Adolfo\" \/>\n<meta property=\"article:modified_time\" content=\"2021-10-24T18:56:44+00:00\" \/>\n<meta property=\"og:image\" content=\"https:\/\/gustavoadolfo.rodelocom.net\/wp-content\/uploads\/2018\/07\/pexels-photo-60219-e1536518838873.jpeg\" \/>\n\t<meta property=\"og:image:width\" content=\"1024\" \/>\n\t<meta property=\"og:image:height\" content=\"768\" \/>\n\t<meta property=\"og:image:type\" content=\"image\/jpeg\" \/>\n<meta name=\"twitter:card\" content=\"summary_large_image\" \/>\n<script type=\"application\/ld+json\" class=\"yoast-schema-graph\">{\"@context\":\"https:\\\/\\\/schema.org\",\"@graph\":[{\"@type\":\"WebPage\",\"@id\":\"https:\\\/\\\/gustavoadolfo.rodelocom.net\\\/\",\"url\":\"https:\\\/\\\/gustavoadolfo.rodelocom.net\\\/\",\"name\":\"Inicio - Gustavo Adolfo\",\"isPartOf\":{\"@id\":\"https:\\\/\\\/gustavoadolfo.rodelocom.net\\\/#website\"},\"primaryImageOfPage\":{\"@id\":\"https:\\\/\\\/gustavoadolfo.rodelocom.net\\\/#primaryimage\"},\"image\":{\"@id\":\"https:\\\/\\\/gustavoadolfo.rodelocom.net\\\/#primaryimage\"},\"thumbnailUrl\":\"https:\\\/\\\/gustavoadolfo.rodelocom.net\\\/wp-content\\\/uploads\\\/2018\\\/07\\\/pexels-photo-60219-e1536518838873.jpeg\",\"datePublished\":\"2018-06-24T14:15:59+00:00\",\"dateModified\":\"2021-10-24T18:56:44+00:00\",\"description\":\"\u00a1Todo es posible! La \u00fanica limitante es la falta de imaginaci\u00f3n y de fe. S\u00f3lo tienes que creer y persistir. Todo \u00e9xito de hoy primero fue ayer un sue\u00f1o...\",\"breadcrumb\":{\"@id\":\"https:\\\/\\\/gustavoadolfo.rodelocom.net\\\/#breadcrumb\"},\"inLanguage\":\"es\",\"potentialAction\":[{\"@type\":\"ReadAction\",\"target\":[\"https:\\\/\\\/gustavoadolfo.rodelocom.net\\\/\"]}]},{\"@type\":\"ImageObject\",\"inLanguage\":\"es\",\"@id\":\"https:\\\/\\\/gustavoadolfo.rodelocom.net\\\/#primaryimage\",\"url\":\"https:\\\/\\\/gustavoadolfo.rodelocom.net\\\/wp-content\\\/uploads\\\/2018\\\/07\\\/pexels-photo-60219-e1536518838873.jpeg\",\"contentUrl\":\"https:\\\/\\\/gustavoadolfo.rodelocom.net\\\/wp-content\\\/uploads\\\/2018\\\/07\\\/pexels-photo-60219-e1536518838873.jpeg\",\"width\":1024,\"height\":768},{\"@type\":\"BreadcrumbList\",\"@id\":\"https:\\\/\\\/gustavoadolfo.rodelocom.net\\\/#breadcrumb\",\"itemListElement\":[{\"@type\":\"ListItem\",\"position\":1,\"name\":\"Portada\",\"item\":\"https:\\\/\\\/gustavoadolfo.rodelocom.net\\\/\"},{\"@type\":\"ListItem\",\"position\":2,\"name\":\"Inicio\"}]},{\"@type\":\"WebSite\",\"@id\":\"https:\\\/\\\/gustavoadolfo.rodelocom.net\\\/#website\",\"url\":\"https:\\\/\\\/gustavoadolfo.rodelocom.net\\\/\",\"name\":\"Gustavo Adolfo\",\"description\":\"Construyendo un imperio...\",\"potentialAction\":[{\"@type\":\"SearchAction\",\"target\":{\"@type\":\"EntryPoint\",\"urlTemplate\":\"https:\\\/\\\/gustavoadolfo.rodelocom.net\\\/?s={search_term_string}\"},\"query-input\":{\"@type\":\"PropertyValueSpecification\",\"valueRequired\":true,\"valueName\":\"search_term_string\"}}],\"inLanguage\":\"es\"}]}<\/script>\n<!-- \/ Yoast SEO plugin. -->","yoast_head_json":{"title":"Inicio - Gustavo Adolfo","description":"\u00a1Todo es posible! La \u00fanica limitante es la falta de imaginaci\u00f3n y de fe. S\u00f3lo tienes que creer y persistir. Todo \u00e9xito de hoy primero fue ayer un sue\u00f1o...","robots":{"index":"index","follow":"follow","max-snippet":"max-snippet:-1","max-image-preview":"max-image-preview:large","max-video-preview":"max-video-preview:-1"},"canonical":"https:\/\/gustavoadolfo.rodelocom.net\/","og_locale":"es_ES","og_type":"article","og_title":"Inicio - Gustavo Adolfo","og_description":"\u00a1Todo es posible! La \u00fanica limitante es la falta de imaginaci\u00f3n y de fe. S\u00f3lo tienes que creer y persistir. Todo \u00e9xito de hoy primero fue ayer un sue\u00f1o...","og_url":"https:\/\/gustavoadolfo.rodelocom.net\/","og_site_name":"Gustavo Adolfo","article_modified_time":"2021-10-24T18:56:44+00:00","og_image":[{"width":1024,"height":768,"url":"https:\/\/gustavoadolfo.rodelocom.net\/wp-content\/uploads\/2018\/07\/pexels-photo-60219-e1536518838873.jpeg","type":"image\/jpeg"}],"twitter_card":"summary_large_image","schema":{"@context":"https:\/\/schema.org","@graph":[{"@type":"WebPage","@id":"https:\/\/gustavoadolfo.rodelocom.net\/","url":"https:\/\/gustavoadolfo.rodelocom.net\/","name":"Inicio - Gustavo Adolfo","isPartOf":{"@id":"https:\/\/gustavoadolfo.rodelocom.net\/#website"},"primaryImageOfPage":{"@id":"https:\/\/gustavoadolfo.rodelocom.net\/#primaryimage"},"image":{"@id":"https:\/\/gustavoadolfo.rodelocom.net\/#primaryimage"},"thumbnailUrl":"https:\/\/gustavoadolfo.rodelocom.net\/wp-content\/uploads\/2018\/07\/pexels-photo-60219-e1536518838873.jpeg","datePublished":"2018-06-24T14:15:59+00:00","dateModified":"2021-10-24T18:56:44+00:00","description":"\u00a1Todo es posible! La \u00fanica limitante es la falta de imaginaci\u00f3n y de fe. S\u00f3lo tienes que creer y persistir. Todo \u00e9xito de hoy primero fue ayer un sue\u00f1o...","breadcrumb":{"@id":"https:\/\/gustavoadolfo.rodelocom.net\/#breadcrumb"},"inLanguage":"es","potentialAction":[{"@type":"ReadAction","target":["https:\/\/gustavoadolfo.rodelocom.net\/"]}]},{"@type":"ImageObject","inLanguage":"es","@id":"https:\/\/gustavoadolfo.rodelocom.net\/#primaryimage","url":"https:\/\/gustavoadolfo.rodelocom.net\/wp-content\/uploads\/2018\/07\/pexels-photo-60219-e1536518838873.jpeg","contentUrl":"https:\/\/gustavoadolfo.rodelocom.net\/wp-content\/uploads\/2018\/07\/pexels-photo-60219-e1536518838873.jpeg","width":1024,"height":768},{"@type":"BreadcrumbList","@id":"https:\/\/gustavoadolfo.rodelocom.net\/#breadcrumb","itemListElement":[{"@type":"ListItem","position":1,"name":"Portada","item":"https:\/\/gustavoadolfo.rodelocom.net\/"},{"@type":"ListItem","position":2,"name":"Inicio"}]},{"@type":"WebSite","@id":"https:\/\/gustavoadolfo.rodelocom.net\/#website","url":"https:\/\/gustavoadolfo.rodelocom.net\/","name":"Gustavo Adolfo","description":"Construyendo un imperio...","potentialAction":[{"@type":"SearchAction","target":{"@type":"EntryPoint","urlTemplate":"https:\/\/gustavoadolfo.rodelocom.net\/?s={search_term_string}"},"query-input":{"@type":"PropertyValueSpecification","valueRequired":true,"valueName":"search_term_string"}}],"inLanguage":"es"}]}},"_links":{"self":[{"href":"https:\/\/gustavoadolfo.rodelocom.net\/index.php?rest_route=\/wp\/v2\/pages\/7","targetHints":{"allow":["GET"]}}],"collection":[{"href":"https:\/\/gustavoadolfo.rodelocom.net\/index.php?rest_route=\/wp\/v2\/pages"}],"about":[{"href":"https:\/\/gustavoadolfo.rodelocom.net\/index.php?rest_route=\/wp\/v2\/types\/page"}],"author":[{"embeddable":true,"href":"https:\/\/gustavoadolfo.rodelocom.net\/index.php?rest_route=\/wp\/v2\/users\/1"}],"replies":[{"embeddable":true,"href":"https:\/\/gustavoadolfo.rodelocom.net\/index.php?rest_route=%2Fwp%2Fv2%2Fcomments&post=7"}],"version-history":[{"count":1,"href":"https:\/\/gustavoadolfo.rodelocom.net\/index.php?rest_route=\/wp\/v2\/pages\/7\/revisions"}],"predecessor-version":[{"id":307,"href":"https:\/\/gustavoadolfo.rodelocom.net\/index.php?rest_route=\/wp\/v2\/pages\/7\/revisions\/307"}],"wp:featuredmedia":[{"embeddable":true,"href":"https:\/\/gustavoadolfo.rodelocom.net\/index.php?rest_route=\/wp\/v2\/media\/133"}],"wp:attachment":[{"href":"https:\/\/gustavoadolfo.rodelocom.net\/index.php?rest_route=%2Fwp%2Fv2%2Fmedia&parent=7"}],"curies":[{"name":"wp","href":"https:\/\/api.w.org\/{rel}","templated":true}]}}